{"id":139,"date":"2019-05-08T04:28:23","date_gmt":"2019-05-08T04:28:23","guid":{"rendered":"https:\/\/rechtaufleben.org\/ral\/?page_id=139"},"modified":"2025-10-21T11:17:41","modified_gmt":"2025-10-21T09:17:41","slug":"support","status":"publish","type":"page","link":"https:\/\/rechtaufleben.org\/ral\/support\/","title":{"rendered":"Unterst\u00fctzung"},"content":{"rendered":"\t\t<div data-elementor-type=\"wp-post\" data-elementor-id=\"139\" class=\"elementor elementor-139\" data-elementor-post-type=\"page\">\n\t\t\t\t\t\t<section class=\"elementor-section elementor-top-section elementor-element elementor-element-58d49bc elementor-section-boxed elementor-section-height-default elementor-section-height-default\" data-id=\"58d49bc\" data-element_type=\"section\">\n\t\t\t\t\t\t<div class=\"elementor-container elementor-column-gap-extended\">\n\t\t\t\t\t<div class=\"elementor-column elementor-col-100 elementor-top-column elementor-element elementor-element-e311d27 sc_inner_width_none sc_content_align_inherit sc_layouts_column_icons_position_left\" data-id=\"e311d27\" data-element_type=\"column\">\n\t\t\t<div class=\"elementor-widget-wrap elementor-element-populated\">\n\t\t\t\t\t\t<div class=\"elementor-element elementor-element-7f5d9f8 sc_height_huge sc_fly_static elementor-widget elementor-widget-spacer\" data-id=\"7f5d9f8\" data-element_type=\"widget\" data-widget_type=\"spacer.default\">\n\t\t\t\t<div class=\"elementor-widget-container\">\n\t\t\t\t\t\t\t<div class=\"elementor-spacer\">\n\t\t\t<div class=\"elementor-spacer-inner\"><\/div>\n\t\t<\/div>\n\t\t\t\t\t\t<\/div>\n\t\t\t\t<\/div>\n\t\t\t\t\t<\/div>\n\t\t<\/div>\n\t\t\t\t\t<\/div>\n\t\t<\/section>\n\t\t\t\t<section class=\"elementor-section elementor-top-section elementor-element elementor-element-7e5c028 elementor-section-boxed elementor-section-height-default elementor-section-height-default\" data-id=\"7e5c028\" data-element_type=\"section\">\n\t\t\t\t\t\t<div class=\"elementor-container elementor-column-gap-extended\">\n\t\t\t\t\t<div class=\"elementor-column elementor-col-100 elementor-top-column elementor-element elementor-element-bcf7352 sc_inner_width_none sc_content_align_inherit sc_layouts_column_icons_position_left\" data-id=\"bcf7352\" data-element_type=\"column\">\n\t\t\t<div class=\"elementor-widget-wrap elementor-element-populated\">\n\t\t\t\t\t\t<section class=\"elementor-section elementor-top-section elementor-element elementor-element-f7b6176 elementor-section-content-middle elementor-section-boxed elementor-section-height-default elementor-section-height-default\" data-id=\"f7b6176\" data-element_type=\"section\">\n\t\t\t\t\t\t<div class=\"elementor-container elementor-column-gap-no\">\n\t\t\t\t\t<div class=\"elementor-column elementor-col-25 elementor-top-column elementor-element elementor-element-329e27d sc_inner_width_none sc_content_align_inherit sc_layouts_column_icons_position_left\" data-id=\"329e27d\" data-element_type=\"column\">\n\t\t\t<div class=\"elementor-widget-wrap elementor-element-populated\">\n\t\t\t\t\t\t<div class=\"elementor-element elementor-element-0d41af9 sc_fly_static elementor-invisible elementor-widget elementor-widget-trx_sc_title\" data-id=\"0d41af9\" data-element_type=\"widget\" data-settings=\"{&quot;_animation&quot;:&quot;fadeInDown&quot;}\" data-widget_type=\"trx_sc_title.default\">\n\t\t\t\t<div class=\"elementor-widget-container\">\n\t\t\t\t\t<div id=\"trx_sc_title_1367816718\"\n\t\tclass=\"sc_title  text_position_horizontal sc_title_default h1_tag_style\"><span class=\"sc_item_subtitle sc_title_subtitle sc_item_subtitle_above sc_item_title_style_default h1_tag_style\">Erfahren Sie, wie Sie Mitglied der Gemeinschaft werden k\u00f6nnen<\/span><h2 class=\"sc_item_title sc_title_title sc_item_title_style_default h1_tag_style sc_item_title_tag\"><span class=\"sc_item_title_text\">Unser Freiwilligenzentrum<\/span><\/h2><\/div><!-- \/.sc_title -->\t\t\t\t<\/div>\n\t\t\t\t<\/div>\n\t\t\t\t<div class=\"elementor-element elementor-element-6edff2a sc_fly_static elementor-widget elementor-widget-spacer\" data-id=\"6edff2a\" data-element_type=\"widget\" data-widget_type=\"spacer.default\">\n\t\t\t\t<div class=\"elementor-widget-container\">\n\t\t\t\t\t\t\t<div class=\"elementor-spacer\">\n\t\t\t<div class=\"elementor-spacer-inner\"><\/div>\n\t\t<\/div>\n\t\t\t\t\t\t<\/div>\n\t\t\t\t<\/div>\n\t\t\t\t<div class=\"elementor-element elementor-element-af21f39 sc_fly_static elementor-invisible elementor-widget elementor-widget-text-editor\" data-id=\"af21f39\" data-element_type=\"widget\" data-settings=\"{&quot;_animation&quot;:&quot;fadeIn&quot;}\" data-widget_type=\"text-editor.default\">\n\t\t\t\t<div class=\"elementor-widget-container\">\n\t\t\t\t\t\t\t\t\t<p data-start=\"0\" data-end=\"256\">Wir setzen uns f\u00fcr die <strong data-start=\"23\" data-end=\"70\">gleichberechtigte Behandlung aller Menschen<\/strong>, unabh\u00e4ngig von <strong data-start=\"87\" data-end=\"131\">Rasse, Religion oder ethnischer Herkunft<\/strong>, sowie f\u00fcr die <strong data-start=\"147\" data-end=\"182\">F\u00f6rderung staatlicher Programme<\/strong> ein, die sich mit allen Arten von Problemen in diesen Gruppen befassen.<\/p>\n<p data-start=\"258\" data-end=\"527\"><strong data-start=\"258\" data-end=\"313\">Die Menschheit hat kein Geschlecht und keine Rasse!<\/strong><br data-start=\"313\" data-end=\"316\" \/>Diskriminierung, Stereotypisierung und Vorurteile k\u00f6nnen zur <strong data-start=\"377\" data-end=\"413\">Ausgrenzung und Marginalisierung<\/strong> religi\u00f6ser oder ethnischer Minderheiten f\u00fchren. Es ist das <strong data-start=\"473\" data-end=\"525\" data-is-only-node=\"\">21. Jahrhundert \u2013 Gleichberechtigung f\u00fcr alle!!!<\/strong><\/p>\n<p data-start=\"529\" data-end=\"845\">Menschen sollten die <strong data-start=\"550\" data-end=\"593\">Freiheit haben, zu feiern, wer sie sind<\/strong>, und <strong data-start=\"599\" data-end=\"650\">gegen offensichtliche Unterdr\u00fcckung anzuk\u00e4mpfen<\/strong>. Wir m\u00fcssen <strong data-start=\"663\" data-end=\"723\">mehr \u00fcber verschiedene Kulturen und Hintergr\u00fcnde lernen!<\/strong><br data-start=\"723\" data-end=\"726\" data-is-only-node=\"\" \/>Unterst\u00fctzt das <strong data-start=\"742\" data-end=\"766\">Recht aller Menschen<\/strong>, das zu tun, was sie f\u00fcr richtig halten \u2013 <strong data-start=\"809\" data-end=\"843\">ohne daf\u00fcr bestraft zu werden!<\/strong><\/p>\n<p data-start=\"847\" data-end=\"988\" data-is-last-node=\"\" data-is-only-node=\"\">Jeder Mensch muss <strong data-start=\"865\" data-end=\"890\">er selbst sein d\u00fcrfen<\/strong>.<br data-start=\"891\" data-end=\"894\" \/>Wir sind alle frei \u2013 und <strong data-start=\"919\" data-end=\"988\" data-is-last-node=\"\" data-is-only-node=\"\">wenn wir dar\u00fcber sprechen wollen, darf uns niemand daran hindern.<\/strong><\/p>\t\t\t\t\t\t\t\t<\/div>\n\t\t\t\t<\/div>\n\t\t\t\t<div class=\"elementor-element elementor-element-c1ec5e0 sc_fly_static elementor-widget elementor-widget-spacer\" data-id=\"c1ec5e0\" data-element_type=\"widget\" data-widget_type=\"spacer.default\">\n\t\t\t\t<div class=\"elementor-widget-container\">\n\t\t\t\t\t\t\t<div class=\"elementor-spacer\">\n\t\t\t<div class=\"elementor-spacer-inner\"><\/div>\n\t\t<\/div>\n\t\t\t\t\t\t<\/div>\n\t\t\t\t<\/div>\n\t\t\t\t<div class=\"elementor-element elementor-element-5cd8026 sc_fly_static elementor-invisible elementor-widget elementor-widget-image\" data-id=\"5cd8026\" data-element_type=\"widget\" data-settings=\"{&quot;_animation&quot;:&quot;fadeInUp&quot;}\" data-widget_type=\"image.default\">\n\t\t\t\t<div class=\"elementor-widget-container\">\n\t\t\t\t\t\t\t\t\t\t\t\t\t\t\t<img decoding=\"async\" src=\"https:\/\/rechtaufleben.org\/ral\/wp-content\/uploads\/2025\/10\/support-banner.webp\" title=\"\" alt=\"Support Banner\" loading=\"lazy\" \/>\t\t\t\t\t\t\t\t\t\t\t\t\t\t\t<\/div>\n\t\t\t\t<\/div>\n\t\t\t\t<div class=\"elementor-element elementor-element-4bdb4fa sc_fly_static elementor-widget elementor-widget-spacer\" data-id=\"4bdb4fa\" data-element_type=\"widget\" data-widget_type=\"spacer.default\">\n\t\t\t\t<div class=\"elementor-widget-container\">\n\t\t\t\t\t\t\t<div class=\"elementor-spacer\">\n\t\t\t<div class=\"elementor-spacer-inner\"><\/div>\n\t\t<\/div>\n\t\t\t\t\t\t<\/div>\n\t\t\t\t<\/div>\n\t\t\t\t<div class=\"elementor-element elementor-element-63147ce sc_fly_static elementor-invisible elementor-widget elementor-widget-image\" data-id=\"63147ce\" data-element_type=\"widget\" data-settings=\"{&quot;_animation&quot;:&quot;fadeInUp&quot;}\" data-widget_type=\"image.default\">\n\t\t\t\t<div class=\"elementor-widget-container\">\n\t\t\t\t\t\t\t\t\t\t\t\t\t\t\t<img decoding=\"async\" src=\"https:\/\/rechtaufleben.org\/ral\/wp-content\/uploads\/2025\/10\/image-6-1.png\" title=\"\" alt=\"\" loading=\"lazy\" \/>\t\t\t\t\t\t\t\t\t\t\t\t\t\t\t<\/div>\n\t\t\t\t<\/div>\n\t\t\t\t<div class=\"elementor-element elementor-element-49de4bc sc_layouts_hide_on_wide sc_layouts_hide_on_desktop sc_layouts_hide_on_notebook sc_layouts_hide_on_tablet sc_fly_static elementor-widget elementor-widget-spacer\" data-id=\"49de4bc\" data-element_type=\"widget\" data-widget_type=\"spacer.default\">\n\t\t\t\t<div class=\"elementor-widget-container\">\n\t\t\t\t\t\t\t<div class=\"elementor-spacer\">\n\t\t\t<div class=\"elementor-spacer-inner\"><\/div>\n\t\t<\/div>\n\t\t\t\t\t\t<\/div>\n\t\t\t\t<\/div>\n\t\t\t\t\t<\/div>\n\t\t<\/div>\n\t\t\t\t<div class=\"elementor-column elementor-col-25 elementor-top-column elementor-element elementor-element-d4e701f sc_inner_width_none sc_content_align_inherit sc_layouts_column_icons_position_left\" data-id=\"d4e701f\" data-element_type=\"column\">\n\t\t\t<div class=\"elementor-widget-wrap\">\n\t\t\t\t\t\t\t<\/div>\n\t\t<\/div>\n\t\t\t\t<div class=\"elementor-column elementor-col-50 elementor-top-column elementor-element elementor-element-64b2ada sc_inner_width_none sc_content_align_inherit sc_layouts_column_icons_position_left\" data-id=\"64b2ada\" data-element_type=\"column\" data-settings=\"{&quot;background_background&quot;:&quot;classic&quot;}\">\n\t\t\t<div class=\"elementor-widget-wrap elementor-element-populated\">\n\t\t\t\t\t\t<section class=\"elementor-section elementor-inner-section elementor-element elementor-element-db9879a elementor-section-content-top elementor-section-boxed elementor-section-height-default elementor-section-height-default\" data-id=\"db9879a\" data-element_type=\"section\">\n\t\t\t\t\t\t<div class=\"elementor-container elementor-column-gap-extended\">\n\t\t\t\t\t<div class=\"elementor-column elementor-col-33 elementor-inner-column elementor-element elementor-element-febe159 sc_inner_width_none sc_content_align_inherit sc_layouts_column_icons_position_left\" data-id=\"febe159\" data-element_type=\"column\">\n\t\t\t<div class=\"elementor-widget-wrap\">\n\t\t\t\t\t\t\t<\/div>\n\t\t<\/div>\n\t\t\t\t<div class=\"elementor-column elementor-col-33 elementor-inner-column elementor-element elementor-element-59423b5 sc_inner_width_none sc_content_align_inherit sc_layouts_column_icons_position_left\" data-id=\"59423b5\" data-element_type=\"column\">\n\t\t\t<div class=\"elementor-widget-wrap elementor-element-populated\">\n\t\t\t\t\t\t<div class=\"elementor-element elementor-element-4d31719 sc_fly_static elementor-widget elementor-widget-heading\" data-id=\"4d31719\" data-element_type=\"widget\" data-widget_type=\"heading.default\">\n\t\t\t\t<div class=\"elementor-widget-container\">\n\t\t\t\t\t<h3 class=\"elementor-heading-title elementor-size-default\">Petition unterschreiben:<\/h3>\t\t\t\t<\/div>\n\t\t\t\t<\/div>\n\t\t\t\t<div class=\"elementor-element elementor-element-645010e sc_fly_static elementor-widget elementor-widget-text-editor\" data-id=\"645010e\" data-element_type=\"widget\" data-widget_type=\"text-editor.default\">\n\t\t\t\t<div class=\"elementor-widget-container\">\n\t\t\t\t\t\t\t\t\t<p><strong>Erforderliche Felder sind mit Stern (*) gekennzeichnet!<\/strong><\/p>\t\t\t\t\t\t\t\t<\/div>\n\t\t\t\t<\/div>\n\t\t\t\t<div class=\"elementor-element elementor-element-06cba05 sc_fly_static elementor-widget elementor-widget-trx_sc_contact_form_7\" data-id=\"06cba05\" data-element_type=\"widget\" data-widget_type=\"trx_sc_contact_form_7.default\">\n\t\t\t\t<div class=\"elementor-widget-container\">\n\t\t\t\t\t\n<div class=\"wpcf7 no-js\" id=\"wpcf7-f434-o1\" lang=\"en-US\" dir=\"ltr\" data-wpcf7-id=\"434\">\n<div class=\"screen-reader-response\"><p role=\"status\" aria-live=\"polite\" aria-atomic=\"true\"><\/p> <ul><\/ul><\/div>\n<form action=\"\/ral\/wp-json\/wp\/v2\/pages\/139#wpcf7-f434-o1\" method=\"post\" class=\"wpcf7-form init\" aria-label=\"Contact form\" novalidate=\"novalidate\" data-status=\"init\">\n<fieldset class=\"hidden-fields-container\"><input type=\"hidden\" name=\"_wpcf7\" value=\"434\" \/><input type=\"hidden\" name=\"_wpcf7_version\" value=\"6.1.5\" \/><input type=\"hidden\" name=\"_wpcf7_locale\" value=\"en_US\" \/><input type=\"hidden\" name=\"_wpcf7_unit_tag\" value=\"wpcf7-f434-o1\" \/><input type=\"hidden\" name=\"_wpcf7_container_post\" value=\"0\" \/><input type=\"hidden\" name=\"_wpcf7_posted_data_hash\" value=\"\" \/>\n<\/fieldset>\n<div class=\"humanum_form_row\">\n<span class=\"wpcf7-form-control-wrap\" data-name=\"your-name\"><input size=\"40\" maxlength=\"400\" class=\"wpcf7-form-control wpcf7-text wpcf7-validates-as-required\" aria-required=\"true\" aria-invalid=\"false\" placeholder=\"Name*\" value=\"\" type=\"text\" name=\"your-name\" \/><\/span>\n<\/div>\n\n<div class=\"humanum_form_row\">\n<span class=\"wpcf7-form-control-wrap\" data-name=\"text-951\"><input size=\"40\" maxlength=\"400\" class=\"wpcf7-form-control wpcf7-text wpcf7-validates-as-required\" autocomplete=\"name\" aria-required=\"true\" aria-invalid=\"false\" placeholder=\"Nachname*\" value=\"\" type=\"text\" name=\"text-951\" \/><\/span>\n<\/div>\n\n<div class=\"humanum_form_row\">\n<span class=\"wpcf7-form-control-wrap\" data-name=\"your-email\"><input size=\"40\" maxlength=\"400\" class=\"wpcf7-form-control wpcf7-email wpcf7-validates-as-required wpcf7-text wpcf7-validates-as-email\" aria-required=\"true\" aria-invalid=\"false\" placeholder=\"E-Mail-Adresse*\" value=\"\" type=\"email\" name=\"your-email\" \/><\/span>\n<\/div>\n\n<div class=\"humanum_form_row\">\n<span class=\"wpcf7-form-control-wrap\" data-name=\"text-64\"><input size=\"40\" maxlength=\"400\" class=\"wpcf7-form-control wpcf7-text\" aria-invalid=\"false\" placeholder=\"Anschrift\" value=\"\" type=\"text\" name=\"text-64\" \/><\/span>\n<\/div>\n\n<div class=\"humanum_form_row\">\n<span class=\"wpcf7-form-control-wrap\" data-name=\"tel-567\"><input size=\"40\" maxlength=\"400\" class=\"wpcf7-form-control wpcf7-tel wpcf7-text wpcf7-validates-as-tel\" autocomplete=\"tel\" aria-invalid=\"false\" placeholder=\"Telefon\" value=\"\" type=\"tel\" name=\"tel-567\" \/><\/span>\n<\/div>\n\n<div class=\"humanum_form_row\">\n<span class=\"wpcf7-form-control-wrap\" data-name=\"your-message\"><textarea cols=\"40\" rows=\"6\" maxlength=\"2000\" class=\"wpcf7-form-control wpcf7-textarea\" aria-invalid=\"false\" placeholder=\"Nachricht\" name=\"your-message\"><\/textarea><\/span> <\/label>\n<\/div>\n\n<div class=\"humanum_form_row align_left\">\n<input class=\"wpcf7-form-control wpcf7-submit has-spinner\" type=\"submit\" value=\"SENDEN\" \/>\n<\/div><div class=\"wpcf7-response-output\" aria-hidden=\"true\"><\/div>\n<\/form>\n<\/div>\n\t\t\t\t<\/div>\n\t\t\t\t<\/div>\n\t\t\t\t\t<\/div>\n\t\t<\/div>\n\t\t\t\t<div class=\"elementor-column elementor-col-33 elementor-inner-column elementor-element elementor-element-b4dddcd sc_inner_width_none sc_content_align_inherit sc_layouts_column_icons_position_left\" data-id=\"b4dddcd\" data-element_type=\"column\">\n\t\t\t<div class=\"elementor-widget-wrap\">\n\t\t\t\t\t\t\t<\/div>\n\t\t<\/div>\n\t\t\t\t\t<\/div>\n\t\t<\/section>\n\t\t\t\t\t<\/div>\n\t\t<\/div>\n\t\t\t\t\t<\/div>\n\t\t<\/section>\n\t\t\t\t\t<\/div>\n\t\t<\/div>\n\t\t\t\t\t<\/div>\n\t\t<\/section>\n\t\t\t\t<section class=\"elementor-section elementor-top-section elementor-element elementor-element-41e30d0 elementor-section-boxed elementor-section-height-default elementor-section-height-default\" data-id=\"41e30d0\" data-element_type=\"section\">\n\t\t\t\t\t\t<div class=\"elementor-container elementor-column-gap-extended\">\n\t\t\t\t\t<div class=\"elementor-column elementor-col-100 elementor-top-column elementor-element elementor-element-8b9afae sc_inner_width_none sc_content_align_inherit sc_layouts_column_icons_position_left\" data-id=\"8b9afae\" data-element_type=\"column\">\n\t\t\t<div class=\"elementor-widget-wrap elementor-element-populated\">\n\t\t\t\t\t\t<div class=\"elementor-element elementor-element-eca5ca4 sc_height_huge sc_fly_static elementor-widget elementor-widget-spacer\" data-id=\"eca5ca4\" data-element_type=\"widget\" data-widget_type=\"spacer.default\">\n\t\t\t\t<div class=\"elementor-widget-container\">\n\t\t\t\t\t\t\t<div class=\"elementor-spacer\">\n\t\t\t<div class=\"elementor-spacer-inner\"><\/div>\n\t\t<\/div>\n\t\t\t\t\t\t<\/div>\n\t\t\t\t<\/div>\n\t\t\t\t\t<\/div>\n\t\t<\/div>\n\t\t\t\t\t<\/div>\n\t\t<\/section>\n\t\t\t\t<\/div>\n\t\t","protected":false},"excerpt":{"rendered":"<p>Erfahren Sie, wie Sie Mitglied der Gemeinschaft werden k\u00f6nnen Unser Freiwilligenzentrum Wir setzen uns f\u00fcr die gleichberechtigte Behandlung aller Menschen, unabh\u00e4ngig von Rasse, Religion oder ethnischer Herkunft, sowie&hellip;<\/p>\n","protected":false},"author":1,"featured_media":0,"parent":0,"menu_order":0,"comment_status":"closed","ping_status":"closed","template":"","meta":{"give_campaign_id":0,"footnotes":""},"class_list":["post-139","page","type-page","status-publish","hentry"],"campaignId":"","builder_content":"","_links":{"self":[{"href":"https:\/\/rechtaufleben.org\/ral\/wp-json\/wp\/v2\/pages\/139","targetHints":{"allow":["GET"]}}],"collection":[{"href":"https:\/\/rechtaufleben.org\/ral\/wp-json\/wp\/v2\/pages"}],"about":[{"href":"https:\/\/rechtaufleben.org\/ral\/wp-json\/wp\/v2\/types\/page"}],"author":[{"embeddable":true,"href":"https:\/\/rechtaufleben.org\/ral\/wp-json\/wp\/v2\/users\/1"}],"replies":[{"embeddable":true,"href":"https:\/\/rechtaufleben.org\/ral\/wp-json\/wp\/v2\/comments?post=139"}],"version-history":[{"count":0,"href":"https:\/\/rechtaufleben.org\/ral\/wp-json\/wp\/v2\/pages\/139\/revisions"}],"wp:attachment":[{"href":"https:\/\/rechtaufleben.org\/ral\/wp-json\/wp\/v2\/media?parent=139"}],"curies":[{"name":"wp","href":"https:\/\/api.w.org\/{rel}","templated":true}]}}